{"id":2148,"date":"2023-11-01T14:26:37","date_gmt":"2023-11-01T14:26:37","guid":{"rendered":"https:\/\/helvetify.com\/?page_id=2148"},"modified":"2024-05-16T16:13:49","modified_gmt":"2024-05-16T16:13:49","slug":"about-us","status":"publish","type":"page","link":"https:\/\/helvetify.com\/es\/about-us\/","title":{"rendered":"About Helvetify"},"content":{"rendered":"\t\t<div data-elementor-type=\"wp-page\" data-elementor-id=\"2148\" class=\"elementor elementor-2148\" data-elementor-post-type=\"page\">\n\t\t\t\t<div class=\"elementor-element elementor-element-88b1fcd e-con-full e-flex e-con e-parent\" data-id=\"88b1fcd\" data-element_type=\"container\" data-settings=\"{&quot;background_background&quot;:&quot;video&quot;,&quot;background_video_link&quot;:&quot;https:\\\/\\\/helvetify.com\\\/wp-content\\\/uploads\\\/media\\\/about.mp4&quot;}\">\n\t\t<div class=\"elementor-background-video-container elementor-hidden-mobile\" aria-hidden=\"true\">\n\t\t\t\t\t\t\t<video class=\"elementor-background-video-hosted\" autoplay muted playsinline loop><\/video>\n\t\t\t\t\t<\/div>\t\t<\/div>\n\t\t<div class=\"elementor-element elementor-element-94a2822 e-con-full e-flex e-con e-parent\" data-id=\"94a2822\" data-element_type=\"container\" data-settings=\"{&quot;background_background&quot;:&quot;classic&quot;}\">\n\t\t\t\t<div class=\"elementor-element elementor-element-50d3865 elementor-widget elementor-widget-qi_addons_for_elementor_text_marquee\" data-id=\"50d3865\" data-element_type=\"widget\" data-widget_type=\"qi_addons_for_elementor_text_marquee.default\">\n\t\t\t\t<div class=\"elementor-widget-container\">\n\t\t\t\t\t<div class=\"qodef-shortcode qodef-m qodef-qi-text-marquee qodef-layout--default\">\n\t<div class=\"qodef-m-content\">\n\t\t<div class=\"qodef-m-text qodef-text--original\">\n\t\t\t\t\t\t\t<span class=\"qodef-m-text-item elementor-repeater-item-fb5c7c7\" >DISE\u00d1O WEB<\/span>\n\t\t\t\t\t\t\t\t\t\t\t<span class=\"qodef-m-text-item elementor-repeater-item-625494b\" >IDENTIDAD DE MARCA<\/span>\n\t\t\t\t\t\t\t\t\t\t\t<span class=\"qodef-m-text-item elementor-repeater-item-c1ca48d\" >DISE\u00d1O DE PRODUCTO<\/span>\n\t\t\t\t\t\t\t\t\t\t\t<span class=\"qodef-m-text-item elementor-repeater-item-c4c429e\" >DISE\u00d1O WEB<\/span>\n\t\t\t\t\t\t\t\t\t\t\t<span class=\"qodef-m-text-item elementor-repeater-item-985d6d4\" >IDENTIDAD DE MARCA<\/span>\n\t\t\t\t\t\t\t\t\t\t\t<span class=\"qodef-m-text-item elementor-repeater-item-c187733\" >DISE\u00d1O DE PRODUCTO<\/span>\n\t\t\t\t\t\t\t\t\t\t\t<span class=\"qodef-m-text-item elementor-repeater-item-28af111\" >DISE\u00d1O WEB<\/span>\n\t\t\t\t\t\t\t\t\t\t\t<span class=\"qodef-m-text-item elementor-repeater-item-f9cd708\" >IDENTIDAD DE MARCA<\/span>\n\t\t\t\t\t\t\t\t\t\t\t<span class=\"qodef-m-text-item elementor-repeater-item-d583149\" >DISE\u00d1O DE PRODUCTO<\/span>\n\t\t\t\t\t\t\t\t\t<\/div>\n\t\t<div class=\"qodef-m-text qodef-text--copy\">\n\t\t\t\t\t\t\t<span class=\"qodef-m-text-item elementor-repeater-item-fb5c7c7\" >DISE\u00d1O WEB<\/span>\n\t\t\t\t\t\t\t\t\t\t\t<span class=\"qodef-m-text-item elementor-repeater-item-625494b\" >IDENTIDAD DE MARCA<\/span>\n\t\t\t\t\t\t\t\t\t\t\t<span class=\"qodef-m-text-item elementor-repeater-item-c1ca48d\" >DISE\u00d1O DE PRODUCTO<\/span>\n\t\t\t\t\t\t\t\t\t\t\t<span class=\"qodef-m-text-item elementor-repeater-item-c4c429e\" >DISE\u00d1O WEB<\/span>\n\t\t\t\t\t\t\t\t\t\t\t<span class=\"qodef-m-text-item elementor-repeater-item-985d6d4\" >IDENTIDAD DE MARCA<\/span>\n\t\t\t\t\t\t\t\t\t\t\t<span class=\"qodef-m-text-item elementor-repeater-item-c187733\" >DISE\u00d1O DE PRODUCTO<\/span>\n\t\t\t\t\t\t\t\t\t\t\t<span class=\"qodef-m-text-item elementor-repeater-item-28af111\" >DISE\u00d1O WEB<\/span>\n\t\t\t\t\t\t\t\t\t\t\t<span class=\"qodef-m-text-item elementor-repeater-item-f9cd708\" >IDENTIDAD DE MARCA<\/span>\n\t\t\t\t\t\t\t\t\t\t\t<span class=\"qodef-m-text-item elementor-repeater-item-d583149\" >DISE\u00d1O DE PRODUCTO<\/span>\n\t\t\t\t\t\t\t\t\t<\/div>\n\t<\/div>\n<\/div>\n\t\t\t\t<\/div>\n\t\t\t\t<\/div>\n\t\t\t\t<\/div>\n\t\t<div class=\"elementor-element elementor-element-758c5de e-flex e-con-boxed e-con e-parent\" data-id=\"758c5de\" data-element_type=\"container\" data-settings=\"{&quot;background_background&quot;:&quot;classic&quot;}\">\n\t\t\t\t\t<div class=\"e-con-inner\">\n\t\t<div class=\"elementor-element elementor-element-33140cf e-con-full e-flex e-con e-child\" data-id=\"33140cf\" data-element_type=\"container\">\n\t\t<div class=\"elementor-element elementor-element-061a48a e-con-full e-flex e-con e-child\" data-id=\"061a48a\" data-element_type=\"container\" data-settings=\"{&quot;background_background&quot;:&quot;classic&quot;}\">\n\t\t\t\t<\/div>\n\t\t<div class=\"elementor-element elementor-element-994ae4d e-con-full e-flex e-con e-child\" data-id=\"994ae4d\" data-element_type=\"container\">\n\t\t\t\t<div class=\"elementor-element elementor-element-9938159 elementor-widget elementor-widget-heading\" data-id=\"9938159\" data-element_type=\"widget\" data-widget_type=\"heading.default\">\n\t\t\t\t<div class=\"elementor-widget-container\">\n\t\t\t\t\t<h2 class=\"elementor-heading-title elementor-size-default\">Tu equipo creativo en Barcelona<\/h2>\t\t\t\t<\/div>\n\t\t\t\t<\/div>\n\t\t\t\t<div class=\"elementor-element elementor-element-977dbda elementor-widget elementor-widget-text-editor\" data-id=\"977dbda\" data-element_type=\"widget\" data-widget_type=\"text-editor.default\">\n\t\t\t\t<div class=\"elementor-widget-container\">\n\t\t\t\t\t\t\t\t\t<p>En Helvetify, desafiamos las convenciones. \u00a1Que el dise\u00f1o no sea prisionero de una sola f\u00f3rmula! \u00a1Nos apasiona el minimalismo, S\u00ed! pero tambi\u00e9n somos amantes de los dise\u00f1os audaces y atrevidos. <br \/>En resumen, somos tu socio creativo para cualquier tipo de expresi\u00f3n visual.<\/p><p>Nuestro nombre, sigue siendo un gui\u00f1o a la tipograf\u00eda Helv\u00e9tica, pero no te confundas, no estamos restringidos a un solo estilo. <br \/>Somos una pandilla de dise\u00f1adores y creativos dispuestos a llevar tus ideas al l\u00edmite, sea cual sea tu visi\u00f3n.<\/p><p>Y no solo dise\u00f1amos, \u00a1Conectamos! Trabajando estrechamente contigo para comprender tus objetivos y tu p\u00fablico objetivo, lo que nos permite contar historias incre\u00edbles!.<\/p><p>Obsesionados con los detalles y orgullosos de nuestro enfoque meticuloso en cada pixel. La pasi\u00f3n fluye en cada l\u00ednea, forma y color que creamos. <br \/>Y eso se refleja en el impacto que generamos para nuestros clientes (o compa\u00f1eros de viaje, \u00a1como nos gusta llamarlos!)<\/p><p>Encontramos alegr\u00eda al inyectar diversi\u00f3n y creatividad en cada proyecto. Queremos que tu experiencia con nosotros sea memorable.<\/p><p>Si est\u00e1s en busca de una agencia que traduzca tus sue\u00f1os en dise\u00f1os \u00fanicos y poderosos, \u00a1somos la elecci\u00f3n perfecta para ti!<\/p><p>As\u00ed que bienvenido a Helvetify, donde la simplicidad se convierte en arte sin caer en la formalidad aburrida.<\/p>\t\t\t\t\t\t\t\t<\/div>\n\t\t\t\t<\/div>\n\t\t\t\t<\/div>\n\t\t\t\t<\/div>\n\t\t<div class=\"elementor-element elementor-element-1c30b00 e-con-full elementor-hidden-desktop elementor-hidden-tablet elementor-hidden-mobile e-flex e-con e-child\" data-id=\"1c30b00\" data-element_type=\"container\">\n\t\t<div class=\"elementor-element elementor-element-30742ea elementor-hidden-mobile e-flex e-con-boxed e-con e-child\" data-id=\"30742ea\" data-element_type=\"container\" data-settings=\"{&quot;background_background&quot;:&quot;classic&quot;}\">\n\t\t\t\t\t<div class=\"e-con-inner\">\n\t\t\t\t\t<\/div>\n\t\t\t\t<\/div>\n\t\t<div class=\"elementor-element elementor-element-d025a51 e-flex e-con-boxed e-con e-child\" data-id=\"d025a51\" data-element_type=\"container\">\n\t\t\t\t\t<div class=\"e-con-inner\">\n\t\t\t\t<div class=\"elementor-element elementor-element-386a2fe elementor-widget elementor-widget-heading\" data-id=\"386a2fe\" data-element_type=\"widget\" data-widget_type=\"heading.default\">\n\t\t\t\t<div class=\"elementor-widget-container\">\n\t\t\t\t\t<h2 class=\"elementor-heading-title elementor-size-default\">Creative Design Team in Barcelona<\/h2>\t\t\t\t<\/div>\n\t\t\t\t<\/div>\n\t\t\t\t<div class=\"elementor-element elementor-element-5af5396 elementor-widget elementor-widget-text-editor\" data-id=\"5af5396\" data-element_type=\"widget\" data-widget_type=\"text-editor.default\">\n\t\t\t\t<div class=\"elementor-widget-container\">\n\t\t\t\t\t\t\t\t\t<p>We&#8217;re obsessed with details and take pride in our meticulous approach to every pixel. Passion flows in every line, shape, and color we create. And this is reflected in the impact we generate for our clients (or travel companions, as we like to call them).<\/p><p>We find joy in injecting fun and creativity into every project. We want your experience with us to be unforgettable.<\/p><p>If you&#8217;re looking for an agency that turns your dreams into unique and powerful designs, we&#8217;re the perfect choice for you!<br \/>So welcome to Helvetify, where simplicity becomes art without falling into boring formality.<\/p>\t\t\t\t\t\t\t\t<\/div>\n\t\t\t\t<\/div>\n\t\t\t\t\t<\/div>\n\t\t\t\t<\/div>\n\t\t\t\t<\/div>\n\t\t\t\t\t<\/div>\n\t\t\t\t<\/div>\n\t\t<div class=\"elementor-element elementor-element-16f95d4 e-flex e-con-boxed e-con e-parent\" data-id=\"16f95d4\" data-element_type=\"container\" data-settings=\"{&quot;background_background&quot;:&quot;classic&quot;}\">\n\t\t\t\t\t<div class=\"e-con-inner\">\n\t\t\t\t<div class=\"elementor-element elementor-element-c5a5b9b elementor-widget elementor-widget-heading\" data-id=\"c5a5b9b\" data-element_type=\"widget\" data-widget_type=\"heading.default\">\n\t\t\t\t<div class=\"elementor-widget-container\">\n\t\t\t\t\t<h2 class=\"elementor-heading-title elementor-size-default\">Nuestros valores<\/h2>\t\t\t\t<\/div>\n\t\t\t\t<\/div>\n\t\t<div class=\"elementor-element elementor-element-08c297b e-con-full e-flex e-con e-child\" data-id=\"08c297b\" data-element_type=\"container\">\n\t\t<div class=\"elementor-element elementor-element-ca822c0 e-flex e-con-boxed e-con e-child\" data-id=\"ca822c0\" data-element_type=\"container\">\n\t\t\t\t\t<div class=\"e-con-inner\">\n\t\t\t\t<div class=\"elementor-element elementor-element-d2d0287 elementor-widget-divider--view-line elementor-invisible elementor-widget elementor-widget-divider\" data-id=\"d2d0287\" data-element_type=\"widget\" data-settings=\"{&quot;_animation&quot;:&quot;fadeIn&quot;,&quot;_animation_delay&quot;:10}\" data-widget_type=\"divider.default\">\n\t\t\t\t<div class=\"elementor-widget-container\">\n\t\t\t\t\t\t\t<div class=\"elementor-divider\">\n\t\t\t<span class=\"elementor-divider-separator\">\n\t\t\t\t\t\t<\/span>\n\t\t<\/div>\n\t\t\t\t\t\t<\/div>\n\t\t\t\t<\/div>\n\t\t\t\t<div class=\"elementor-element elementor-element-22770bc elementor-invisible elementor-widget elementor-widget-heading\" data-id=\"22770bc\" data-element_type=\"widget\" data-settings=\"{&quot;_animation&quot;:&quot;fadeIn&quot;,&quot;_animation_delay&quot;:500}\" data-widget_type=\"heading.default\">\n\t\t\t\t<div class=\"elementor-widget-container\">\n\t\t\t\t\t<h2 class=\"elementor-heading-title elementor-size-default\">Creatividad<\/h2>\t\t\t\t<\/div>\n\t\t\t\t<\/div>\n\t\t\t\t<div class=\"elementor-element elementor-element-cb0c896 elementor-invisible elementor-widget elementor-widget-text-editor\" data-id=\"cb0c896\" data-element_type=\"widget\" data-settings=\"{&quot;_animation&quot;:&quot;fadeIn&quot;,&quot;_animation_delay&quot;:500}\" data-widget_type=\"text-editor.default\">\n\t\t\t\t<div class=\"elementor-widget-container\">\n\t\t\t\t\t\t\t\t\t<p>No creemos en las reglas cuando se trata de creatividad. Las rompemos, las reinventamos y las desafiamos constantemente. Si hay una regla, es que no hay reglas.<\/p>\t\t\t\t\t\t\t\t<\/div>\n\t\t\t\t<\/div>\n\t\t\t\t\t<\/div>\n\t\t\t\t<\/div>\n\t\t<div class=\"elementor-element elementor-element-763475f e-flex e-con-boxed e-con e-child\" data-id=\"763475f\" data-element_type=\"container\">\n\t\t\t\t\t<div class=\"e-con-inner\">\n\t\t\t\t<div class=\"elementor-element elementor-element-ca2bb8e elementor-widget-divider--view-line elementor-invisible elementor-widget elementor-widget-divider\" data-id=\"ca2bb8e\" data-element_type=\"widget\" data-settings=\"{&quot;_animation&quot;:&quot;fadeIn&quot;,&quot;_animation_delay&quot;:10}\" data-widget_type=\"divider.default\">\n\t\t\t\t<div class=\"elementor-widget-container\">\n\t\t\t\t\t\t\t<div class=\"elementor-divider\">\n\t\t\t<span class=\"elementor-divider-separator\">\n\t\t\t\t\t\t<\/span>\n\t\t<\/div>\n\t\t\t\t\t\t<\/div>\n\t\t\t\t<\/div>\n\t\t\t\t<div class=\"elementor-element elementor-element-9e60144 elementor-invisible elementor-widget elementor-widget-heading\" data-id=\"9e60144\" data-element_type=\"widget\" data-settings=\"{&quot;_animation&quot;:&quot;fadeIn&quot;,&quot;_animation_delay&quot;:500}\" data-widget_type=\"heading.default\">\n\t\t\t\t<div class=\"elementor-widget-container\">\n\t\t\t\t\t<h2 class=\"elementor-heading-title elementor-size-default\">Calidad<\/h2>\t\t\t\t<\/div>\n\t\t\t\t<\/div>\n\t\t\t\t<div class=\"elementor-element elementor-element-026fa0a elementor-invisible elementor-widget elementor-widget-text-editor\" data-id=\"026fa0a\" data-element_type=\"widget\" data-settings=\"{&quot;_animation&quot;:&quot;fadeIn&quot;,&quot;_animation_delay&quot;:500}\" data-widget_type=\"text-editor.default\">\n\t\t\t\t<div class=\"elementor-widget-container\">\n\t\t\t\t\t\t\t\t\t<p>No se trata solo de hacerlo bien; se trata de hacerlo de manera incre\u00edble. Agregamos un toque de genialidad a cada aspecto, porque lo ordinario simplemente no es suficiente.<\/p>\t\t\t\t\t\t\t\t<\/div>\n\t\t\t\t<\/div>\n\t\t\t\t\t<\/div>\n\t\t\t\t<\/div>\n\t\t<div class=\"elementor-element elementor-element-454795d e-flex e-con-boxed e-con e-child\" data-id=\"454795d\" data-element_type=\"container\">\n\t\t\t\t\t<div class=\"e-con-inner\">\n\t\t\t\t<div class=\"elementor-element elementor-element-ca769e4 elementor-widget-divider--view-line elementor-invisible elementor-widget elementor-widget-divider\" data-id=\"ca769e4\" data-element_type=\"widget\" data-settings=\"{&quot;_animation&quot;:&quot;fadeIn&quot;,&quot;_animation_delay&quot;:10}\" data-widget_type=\"divider.default\">\n\t\t\t\t<div class=\"elementor-widget-container\">\n\t\t\t\t\t\t\t<div class=\"elementor-divider\">\n\t\t\t<span class=\"elementor-divider-separator\">\n\t\t\t\t\t\t<\/span>\n\t\t<\/div>\n\t\t\t\t\t\t<\/div>\n\t\t\t\t<\/div>\n\t\t\t\t<div class=\"elementor-element elementor-element-9359cc3 elementor-invisible elementor-widget elementor-widget-heading\" data-id=\"9359cc3\" data-element_type=\"widget\" data-settings=\"{&quot;_animation&quot;:&quot;fadeIn&quot;,&quot;_animation_delay&quot;:500}\" data-widget_type=\"heading.default\">\n\t\t\t\t<div class=\"elementor-widget-container\">\n\t\t\t\t\t<h2 class=\"elementor-heading-title elementor-size-default\">Eficiencia<\/h2>\t\t\t\t<\/div>\n\t\t\t\t<\/div>\n\t\t\t\t<div class=\"elementor-element elementor-element-e7389f7 elementor-invisible elementor-widget elementor-widget-text-editor\" data-id=\"e7389f7\" data-element_type=\"widget\" data-settings=\"{&quot;_animation&quot;:&quot;fadeIn&quot;,&quot;_animation_delay&quot;:500}\" data-widget_type=\"text-editor.default\">\n\t\t\t\t<div class=\"elementor-widget-container\">\n\t\t\t\t\t\t\t\t\t<p>No es solo una palabra de moda; es nuestro mantra diario. Trabajamos con fluidez para que todo se haga sin estr\u00e9s.<\/p>\t\t\t\t\t\t\t\t<\/div>\n\t\t\t\t<\/div>\n\t\t\t\t\t<\/div>\n\t\t\t\t<\/div>\n\t\t\t\t<\/div>\n\t\t<div class=\"elementor-element elementor-element-bd85842 e-con-full e-flex e-con e-child\" data-id=\"bd85842\" data-element_type=\"container\">\n\t\t<div class=\"elementor-element elementor-element-f2c6000 e-flex e-con-boxed e-con e-child\" data-id=\"f2c6000\" data-element_type=\"container\">\n\t\t\t\t\t<div class=\"e-con-inner\">\n\t\t\t\t<div class=\"elementor-element elementor-element-4d96fc0 elementor-widget-divider--view-line elementor-invisible elementor-widget elementor-widget-divider\" data-id=\"4d96fc0\" data-element_type=\"widget\" data-settings=\"{&quot;_animation&quot;:&quot;fadeIn&quot;,&quot;_animation_delay&quot;:10}\" data-widget_type=\"divider.default\">\n\t\t\t\t<div class=\"elementor-widget-container\">\n\t\t\t\t\t\t\t<div class=\"elementor-divider\">\n\t\t\t<span class=\"elementor-divider-separator\">\n\t\t\t\t\t\t<\/span>\n\t\t<\/div>\n\t\t\t\t\t\t<\/div>\n\t\t\t\t<\/div>\n\t\t\t\t<div class=\"elementor-element elementor-element-22e9793 elementor-invisible elementor-widget elementor-widget-heading\" data-id=\"22e9793\" data-element_type=\"widget\" data-settings=\"{&quot;_animation&quot;:&quot;fadeIn&quot;,&quot;_animation_delay&quot;:500}\" data-widget_type=\"heading.default\">\n\t\t\t\t<div class=\"elementor-widget-container\">\n\t\t\t\t\t<h2 class=\"elementor-heading-title elementor-size-default\">Pasi\u00f3n<\/h2>\t\t\t\t<\/div>\n\t\t\t\t<\/div>\n\t\t\t\t<div class=\"elementor-element elementor-element-11047af elementor-invisible elementor-widget elementor-widget-text-editor\" data-id=\"11047af\" data-element_type=\"widget\" data-settings=\"{&quot;_animation&quot;:&quot;fadeIn&quot;,&quot;_animation_delay&quot;:500}\" data-widget_type=\"text-editor.default\">\n\t\t\t\t<div class=\"elementor-widget-container\">\n\t\t\t\t\t\t\t\t\t<p>En nuestro equipo, es el ingrediente secreto. Disfrutamos creando dise\u00f1os n\u00edtidos y modernos que realzan la presencia de tu marca y de la mejor manera!<\/p>\t\t\t\t\t\t\t\t<\/div>\n\t\t\t\t<\/div>\n\t\t\t\t\t<\/div>\n\t\t\t\t<\/div>\n\t\t<div class=\"elementor-element elementor-element-52ec8ac e-flex e-con-boxed e-con e-child\" data-id=\"52ec8ac\" data-element_type=\"container\">\n\t\t\t\t\t<div class=\"e-con-inner\">\n\t\t\t\t<div class=\"elementor-element elementor-element-8537af8 elementor-widget-divider--view-line elementor-invisible elementor-widget elementor-widget-divider\" data-id=\"8537af8\" data-element_type=\"widget\" data-settings=\"{&quot;_animation&quot;:&quot;fadeIn&quot;,&quot;_animation_delay&quot;:10}\" data-widget_type=\"divider.default\">\n\t\t\t\t<div class=\"elementor-widget-container\">\n\t\t\t\t\t\t\t<div class=\"elementor-divider\">\n\t\t\t<span class=\"elementor-divider-separator\">\n\t\t\t\t\t\t<\/span>\n\t\t<\/div>\n\t\t\t\t\t\t<\/div>\n\t\t\t\t<\/div>\n\t\t\t\t<div class=\"elementor-element elementor-element-562cb50 elementor-invisible elementor-widget elementor-widget-heading\" data-id=\"562cb50\" data-element_type=\"widget\" data-settings=\"{&quot;_animation&quot;:&quot;fadeIn&quot;,&quot;_animation_delay&quot;:500}\" data-widget_type=\"heading.default\">\n\t\t\t\t<div class=\"elementor-widget-container\">\n\t\t\t\t\t<h2 class=\"elementor-heading-title elementor-size-default\">Colaboraci\u00f3n<\/h2>\t\t\t\t<\/div>\n\t\t\t\t<\/div>\n\t\t\t\t<div class=\"elementor-element elementor-element-2df165f elementor-invisible elementor-widget elementor-widget-text-editor\" data-id=\"2df165f\" data-element_type=\"widget\" data-settings=\"{&quot;_animation&quot;:&quot;fadeIn&quot;,&quot;_animation_delay&quot;:500}\" data-widget_type=\"text-editor.default\">\n\t\t\t\t<div class=\"elementor-widget-container\">\n\t\t\t\t\t\t\t\t\t<p>Construimos conexiones fuertes y duraderas. Piensa en nosotros como el compa\u00f1ero de aventuras que siempre quisiste, dedicado a asegurar que tu viaje sea excepcional.<\/p>\t\t\t\t\t\t\t\t<\/div>\n\t\t\t\t<\/div>\n\t\t\t\t\t<\/div>\n\t\t\t\t<\/div>\n\t\t<div class=\"elementor-element elementor-element-6a7e6a2 e-flex e-con-boxed e-con e-child\" data-id=\"6a7e6a2\" data-element_type=\"container\">\n\t\t\t\t\t<div class=\"e-con-inner\">\n\t\t\t\t<div class=\"elementor-element elementor-element-c641a78 elementor-widget-divider--view-line elementor-invisible elementor-widget elementor-widget-divider\" data-id=\"c641a78\" data-element_type=\"widget\" data-settings=\"{&quot;_animation&quot;:&quot;fadeIn&quot;,&quot;_animation_delay&quot;:10}\" data-widget_type=\"divider.default\">\n\t\t\t\t<div class=\"elementor-widget-container\">\n\t\t\t\t\t\t\t<div class=\"elementor-divider\">\n\t\t\t<span class=\"elementor-divider-separator\">\n\t\t\t\t\t\t<\/span>\n\t\t<\/div>\n\t\t\t\t\t\t<\/div>\n\t\t\t\t<\/div>\n\t\t\t\t<div class=\"elementor-element elementor-element-2ede3aa elementor-invisible elementor-widget elementor-widget-heading\" data-id=\"2ede3aa\" data-element_type=\"widget\" data-settings=\"{&quot;_animation&quot;:&quot;fadeIn&quot;,&quot;_animation_delay&quot;:500}\" data-widget_type=\"heading.default\">\n\t\t\t\t<div class=\"elementor-widget-container\">\n\t\t\t\t\t<h2 class=\"elementor-heading-title elementor-size-default\">Soporte<\/h2>\t\t\t\t<\/div>\n\t\t\t\t<\/div>\n\t\t\t\t<div class=\"elementor-element elementor-element-4be5714 elementor-invisible elementor-widget elementor-widget-text-editor\" data-id=\"4be5714\" data-element_type=\"widget\" data-settings=\"{&quot;_animation&quot;:&quot;fadeIn&quot;,&quot;_animation_delay&quot;:500}\" data-widget_type=\"text-editor.default\">\n\t\t\t\t<div class=\"elementor-widget-container\">\n\t\t\t\t\t\t\t\t\t<p>Estamos aqu\u00ed para echarte una mano. Piensa en nosotros como ese amigo dispuesto a ayudarte a alcanzar tus objetivos. \u00a1Tus logros son nuestra meta compartida!<\/p>\t\t\t\t\t\t\t\t<\/div>\n\t\t\t\t<\/div>\n\t\t\t\t\t<\/div>\n\t\t\t\t<\/div>\n\t\t\t\t<\/div>\n\t\t\t\t\t<\/div>\n\t\t\t\t<\/div>\n\t\t\t\t<\/div>\n\t\t","protected":false},"excerpt":{"rendered":"<p>We\u2019re passionate about minimalism, yes! But we also love bold and daring designs. In short, we are your creative partner for any type of visual expression.<\/p>\n","protected":false},"author":1,"featured_media":5608,"parent":0,"menu_order":0,"comment_status":"closed","ping_status":"closed","template":"","meta":{"footnotes":""},"class_list":["post-2148","page","type-page","status-publish","has-post-thumbnail","hentry"],"_links":{"self":[{"href":"https:\/\/helvetify.com\/es\/wp-json\/wp\/v2\/pages\/2148","targetHints":{"allow":["GET"]}}],"collection":[{"href":"https:\/\/helvetify.com\/es\/wp-json\/wp\/v2\/pages"}],"about":[{"href":"https:\/\/helvetify.com\/es\/wp-json\/wp\/v2\/types\/page"}],"author":[{"embeddable":true,"href":"https:\/\/helvetify.com\/es\/wp-json\/wp\/v2\/users\/1"}],"replies":[{"embeddable":true,"href":"https:\/\/helvetify.com\/es\/wp-json\/wp\/v2\/comments?post=2148"}],"version-history":[{"count":37,"href":"https:\/\/helvetify.com\/es\/wp-json\/wp\/v2\/pages\/2148\/revisions"}],"predecessor-version":[{"id":6203,"href":"https:\/\/helvetify.com\/es\/wp-json\/wp\/v2\/pages\/2148\/revisions\/6203"}],"wp:featuredmedia":[{"embeddable":true,"href":"https:\/\/helvetify.com\/es\/wp-json\/wp\/v2\/media\/5608"}],"wp:attachment":[{"href":"https:\/\/helvetify.com\/es\/wp-json\/wp\/v2\/media?parent=2148"}],"curies":[{"name":"wp","href":"https:\/\/api.w.org\/{rel}","templated":true}]}}