{"id":4225,"date":"2023-12-10T00:40:13","date_gmt":"2023-12-10T00:40:13","guid":{"rendered":"https:\/\/helvetify.com\/?page_id=4225"},"modified":"2024-08-31T01:34:53","modified_gmt":"2024-08-31T01:34:53","slug":"portfolio","status":"publish","type":"page","link":"https:\/\/helvetify.com\/es\/portfolio\/","title":{"rendered":"Helvetify | Portfolio"},"content":{"rendered":"\t\t<div data-elementor-type=\"wp-page\" data-elementor-id=\"4225\" class=\"elementor elementor-4225\" data-elementor-post-type=\"page\">\n\t\t\t\t<div class=\"elementor-element elementor-element-c99e713 e-con-full e-flex e-con e-parent\" data-id=\"c99e713\" data-element_type=\"container\">\n\t\t<div class=\"elementor-element elementor-element-1d3d4f6 e-flex e-con-boxed e-con e-child\" data-id=\"1d3d4f6\" data-element_type=\"container\">\n\t\t\t\t\t<div class=\"e-con-inner\">\n\t\t\t\t<div class=\"elementor-element elementor-element-cb9ebe1 animated-slow elementor-widget elementor-widget-heading\" data-id=\"cb9ebe1\" data-element_type=\"widget\" data-settings=\"{&quot;_animation&quot;:&quot;none&quot;}\" data-widget_type=\"heading.default\">\n\t\t\t\t<div class=\"elementor-widget-container\">\n\t\t\t\t\t<h2 class=\"elementor-heading-title elementor-size-default\">Nuestra creaci\u00f3n<\/h2>\t\t\t\t<\/div>\n\t\t\t\t<\/div>\n\t\t\t\t<div class=\"elementor-element elementor-element-4fd4c42 elementor-widget elementor-widget-heading\" data-id=\"4fd4c42\" data-element_type=\"widget\" data-widget_type=\"heading.default\">\n\t\t\t\t<div class=\"elementor-widget-container\">\n\t\t\t\t\t<h2 class=\"elementor-heading-title elementor-size-default\">Y cuando decimos \"nuestro\", nos referimos a que co-creamos. En nuestro para\u00edso creativo, <span>cada proyecto es una historia \u00fanica. \n<\/span>\n<p>\n<\/p><p>\nNuestro portafolio sirve como una galer\u00eda de aventuras visuales, donde cada dise\u00f1o es una obra maestra<span> nacida de la colaboraci\u00f3n. <\/span>Aqu\u00ed descubrir\u00e1 una muestra de desaf\u00edos conquistados y victorias celebradas. \n<\/p><p>\n<\/p><p>\nCada clic es la entrada a un viaje a trav\u00e9s de nuestra profunda pasi\u00f3n por el dise\u00f1o y la comunicaci\u00f3n.\n<\/p><p>\n<\/p><p>\n\u00a1Bienvenidos a nuestra exposici\u00f3n,  <span>donde la creatividad cobra vida! <\/span>\n<\/p><\/h2>\t\t\t\t<\/div>\n\t\t\t\t<\/div>\n\t\t\t\t\t<\/div>\n\t\t\t\t<\/div>\n\t\t<div class=\"elementor-element elementor-element-73a0866 e-flex e-con-boxed e-con e-child\" data-id=\"73a0866\" data-element_type=\"container\" data-settings=\"{&quot;background_background&quot;:&quot;classic&quot;}\">\n\t\t\t\t\t<div class=\"e-con-inner\">\n\t\t<div class=\"elementor-element elementor-element-ec5278d e-flex e-con-boxed e-con e-child\" data-id=\"ec5278d\" data-element_type=\"container\">\n\t\t\t\t\t<div class=\"e-con-inner\">\n\t\t<div class=\"elementor-element elementor-element-83febfc e-con-full e-flex e-con e-child\" data-id=\"83febfc\" data-element_type=\"container\">\n\t\t\t\t<div class=\"elementor-element elementor-element-228b0fe elementor-widget elementor-widget-image\" data-id=\"228b0fe\" data-element_type=\"widget\" id=\"5\" data-widget_type=\"image.default\">\n\t\t\t\t<div class=\"elementor-widget-container\">\n\t\t\t\t\t\t\t\t\t\t\t\t\t\t\t\t<a href=\"https:\/\/helvetify.com\/es\/portfolio\/mm-ediciones\/\">\n\t\t\t\t\t\t\t<img fetchpriority=\"high\" decoding=\"async\" width=\"768\" height=\"485\" src=\"https:\/\/helvetify.com\/es\/wp-content\/uploads\/sites\/2\/2024\/08\/portfolio.webp\" class=\"attachment-full size-full wp-image-7013\" alt=\"\" srcset=\"https:\/\/helvetify.com\/es\/wp-content\/uploads\/sites\/2\/2024\/08\/portfolio.webp 768w, https:\/\/helvetify.com\/es\/wp-content\/uploads\/sites\/2\/2024\/08\/portfolio-300x189.webp 300w\" sizes=\"(max-width: 768px) 100vw, 768px\" \/>\t\t\t\t\t\t\t\t<\/a>\n\t\t\t\t\t\t\t\t\t\t\t\t\t\t\t<\/div>\n\t\t\t\t<\/div>\n\t\t\t\t<\/div>\n\t\t<div class=\"elementor-element elementor-element-034a06d e-flex e-con-boxed e-con e-child\" data-id=\"034a06d\" data-element_type=\"container\">\n\t\t\t\t\t<div class=\"e-con-inner\">\n\t\t\t\t<div class=\"elementor-element elementor-element-02e5282 elementor-widget elementor-widget-heading\" data-id=\"02e5282\" data-element_type=\"widget\" data-widget_type=\"heading.default\">\n\t\t\t\t<div class=\"elementor-widget-container\">\n\t\t\t\t\t<h3 class=\"elementor-heading-title elementor-size-default\">MM Ediciones <span> - Transformando la lectura digital con un sitio web innovador y una experiencia de compra fluida. <\/span><\/h3>\t\t\t\t<\/div>\n\t\t\t\t<\/div>\n\t\t\t\t\t<\/div>\n\t\t\t\t<\/div>\n\t\t\t\t\t<\/div>\n\t\t\t\t<\/div>\n\t\t<div class=\"elementor-element elementor-element-13ff38b e-flex e-con-boxed e-con e-child\" data-id=\"13ff38b\" data-element_type=\"container\">\n\t\t\t\t\t<div class=\"e-con-inner\">\n\t\t<div class=\"elementor-element elementor-element-3a3312c e-con-full e-flex e-con e-child\" data-id=\"3a3312c\" data-element_type=\"container\">\n\t\t\t\t<div class=\"elementor-element elementor-element-0d2e6a5 elementor-widget elementor-widget-image\" data-id=\"0d2e6a5\" data-element_type=\"widget\" data-widget_type=\"image.default\">\n\t\t\t\t<div class=\"elementor-widget-container\">\n\t\t\t\t\t\t\t\t\t\t\t\t\t\t\t\t<a href=\"https:\/\/helvetify.com\/es\/portfolio\/suzuki-rent-ibiza\/\">\n\t\t\t\t\t\t\t<img decoding=\"async\" width=\"768\" height=\"483\" src=\"https:\/\/helvetify.com\/es\/wp-content\/uploads\/sites\/2\/2024\/08\/imagen-portfolio2.webp\" class=\"attachment-full size-full wp-image-7008\" alt=\"\" srcset=\"https:\/\/helvetify.com\/es\/wp-content\/uploads\/sites\/2\/2024\/08\/imagen-portfolio2.webp 768w, https:\/\/helvetify.com\/es\/wp-content\/uploads\/sites\/2\/2024\/08\/imagen-portfolio2-300x189.webp 300w\" sizes=\"(max-width: 768px) 100vw, 768px\" \/>\t\t\t\t\t\t\t\t<\/a>\n\t\t\t\t\t\t\t\t\t\t\t\t\t\t\t<\/div>\n\t\t\t\t<\/div>\n\t\t\t\t<\/div>\n\t\t<div class=\"elementor-element elementor-element-dff2eb2 e-flex e-con-boxed e-con e-child\" data-id=\"dff2eb2\" data-element_type=\"container\">\n\t\t\t\t\t<div class=\"e-con-inner\">\n\t\t\t\t<div class=\"elementor-element elementor-element-2741553 elementor-widget elementor-widget-heading\" data-id=\"2741553\" data-element_type=\"widget\" data-widget_type=\"heading.default\">\n\t\t\t\t<div class=\"elementor-widget-container\">\n\t\t\t\t\t<h3 class=\"elementor-heading-title elementor-size-default\">SUZUKI Rent Ibiza <span> - Redefiniendo la aventura sobre ruedas con un dise\u00f1o web din\u00e1mico y funcional.agencia. <\/span><\/h3>\t\t\t\t<\/div>\n\t\t\t\t<\/div>\n\t\t\t\t\t<\/div>\n\t\t\t\t<\/div>\n\t\t\t\t\t<\/div>\n\t\t\t\t<\/div>\n\t\t\t\t\t<\/div>\n\t\t\t\t<\/div>\n\t\t<div class=\"elementor-element elementor-element-88f69e2 e-flex e-con-boxed e-con e-child\" data-id=\"88f69e2\" data-element_type=\"container\" data-settings=\"{&quot;background_background&quot;:&quot;classic&quot;}\">\n\t\t\t\t\t<div class=\"e-con-inner\">\n\t\t<div class=\"elementor-element elementor-element-b2d3283 e-flex e-con-boxed e-con e-child\" data-id=\"b2d3283\" data-element_type=\"container\">\n\t\t\t\t\t<div class=\"e-con-inner\">\n\t\t<div class=\"elementor-element elementor-element-297d382 e-con-full e-flex e-con e-child\" data-id=\"297d382\" data-element_type=\"container\">\n\t\t\t\t<div class=\"elementor-element elementor-element-f98014c elementor-widget elementor-widget-image\" data-id=\"f98014c\" data-element_type=\"widget\" data-widget_type=\"image.default\">\n\t\t\t\t<div class=\"elementor-widget-container\">\n\t\t\t\t\t\t\t\t\t\t\t\t\t\t\t\t<a href=\"https:\/\/helvetify.com\/es\/portfolio\/new-domain-band\/\">\n\t\t\t\t\t\t\t<img decoding=\"async\" src=\"https:\/\/helvetify.com\/images\/new-domain-portfolio.webp\" title=\"\" alt=\"\" loading=\"lazy\" \/>\t\t\t\t\t\t\t\t<\/a>\n\t\t\t\t\t\t\t\t\t\t\t\t\t\t\t<\/div>\n\t\t\t\t<\/div>\n\t\t\t\t<\/div>\n\t\t<div class=\"elementor-element elementor-element-8cbcf4b e-flex e-con-boxed e-con e-child\" data-id=\"8cbcf4b\" data-element_type=\"container\">\n\t\t\t\t\t<div class=\"e-con-inner\">\n\t\t\t\t<div class=\"elementor-element elementor-element-e5b18d2 elementor-widget elementor-widget-heading\" data-id=\"e5b18d2\" data-element_type=\"widget\" data-widget_type=\"heading.default\">\n\t\t\t\t<div class=\"elementor-widget-container\">\n\t\t\t\t\t<h3 class=\"elementor-heading-title elementor-size-default\">NEW DOMAIN Band <span> - Explora la sinergia entre la banda y sus fans. <\/span><\/h3>\t\t\t\t<\/div>\n\t\t\t\t<\/div>\n\t\t\t\t\t<\/div>\n\t\t\t\t<\/div>\n\t\t\t\t\t<\/div>\n\t\t\t\t<\/div>\n\t\t<div class=\"elementor-element elementor-element-1f4752e e-flex e-con-boxed e-con e-child\" data-id=\"1f4752e\" data-element_type=\"container\">\n\t\t\t\t\t<div class=\"e-con-inner\">\n\t\t<div class=\"elementor-element elementor-element-b85b6c8 e-con-full e-flex e-con e-child\" data-id=\"b85b6c8\" data-element_type=\"container\">\n\t\t\t\t<div class=\"elementor-element elementor-element-4904e3d elementor-widget elementor-widget-image\" data-id=\"4904e3d\" data-element_type=\"widget\" data-widget_type=\"image.default\">\n\t\t\t\t<div class=\"elementor-widget-container\">\n\t\t\t\t\t\t\t\t\t\t\t\t\t\t\t\t<a href=\"https:\/\/helvetify.com\/es\/portfolio\/gleam-skin-care\/\">\n\t\t\t\t\t\t\t<img decoding=\"async\" src=\"https:\/\/helvetify.com\/images\/gleam-portfolio.webp\" title=\"\" alt=\"\" loading=\"lazy\" \/>\t\t\t\t\t\t\t\t<\/a>\n\t\t\t\t\t\t\t\t\t\t\t\t\t\t\t<\/div>\n\t\t\t\t<\/div>\n\t\t\t\t<\/div>\n\t\t<div class=\"elementor-element elementor-element-b438128 e-flex e-con-boxed e-con e-child\" data-id=\"b438128\" data-element_type=\"container\">\n\t\t\t\t\t<div class=\"e-con-inner\">\n\t\t\t\t<div class=\"elementor-element elementor-element-2c4f5fa elementor-widget elementor-widget-heading\" data-id=\"2c4f5fa\" data-element_type=\"widget\" data-widget_type=\"heading.default\">\n\t\t\t\t<div class=\"elementor-widget-container\">\n\t\t\t\t\t<h3 class=\"elementor-heading-title elementor-size-default\">GLEAM Skin Care <span> - El dise\u00f1o que redefine el cuidado de la piel con Gleam. <\/span><\/h3>\t\t\t\t<\/div>\n\t\t\t\t<\/div>\n\t\t\t\t\t<\/div>\n\t\t\t\t<\/div>\n\t\t\t\t\t<\/div>\n\t\t\t\t<\/div>\n\t\t<div class=\"elementor-element elementor-element-6dc559e e-con-full e-flex e-con e-child\" data-id=\"6dc559e\" data-element_type=\"container\">\n\t\t<div class=\"elementor-element elementor-element-32aae0e e-con-full e-flex e-con e-child\" data-id=\"32aae0e\" data-element_type=\"container\" data-settings=\"{&quot;background_background&quot;:&quot;classic&quot;}\">\n\t\t\t\t<div class=\"elementor-element elementor-element-838db9b elementor-widget elementor-widget-image\" data-id=\"838db9b\" data-element_type=\"widget\" data-widget_type=\"image.default\">\n\t\t\t\t<div class=\"elementor-widget-container\">\n\t\t\t\t\t\t\t\t\t\t\t\t\t\t\t\t<a href=\"https:\/\/helvetify.com\/es\/portfolio\/mujeres-migrantes\/\">\n\t\t\t\t\t\t\t<img decoding=\"async\" src=\"https:\/\/helvetify.com\/images\/mm-portfolio.webp\" title=\"\" alt=\"\" loading=\"lazy\" \/>\t\t\t\t\t\t\t\t<\/a>\n\t\t\t\t\t\t\t\t\t\t\t\t\t\t\t<\/div>\n\t\t\t\t<\/div>\n\t\t\t\t<\/div>\n\t\t<div class=\"elementor-element elementor-element-ff11249 e-flex e-con-boxed e-con e-child\" data-id=\"ff11249\" data-element_type=\"container\">\n\t\t\t\t\t<div class=\"e-con-inner\">\n\t\t\t\t<div class=\"elementor-element elementor-element-277f18b elementor-widget elementor-widget-heading\" data-id=\"277f18b\" data-element_type=\"widget\" data-widget_type=\"heading.default\">\n\t\t\t\t<div class=\"elementor-widget-container\">\n\t\t\t\t\t<h3 class=\"elementor-heading-title elementor-size-default\">MUJERES MIGRANTES<span> - Empoderando y asesorando a mujeres migrantes e instituciones para fomentar la inclusi\u00f3n. <\/span><\/h3>\t\t\t\t<\/div>\n\t\t\t\t<\/div>\n\t\t\t\t\t<\/div>\n\t\t\t\t<\/div>\n\t\t\t\t<\/div>\n\t\t\t\t\t<\/div>\n\t\t\t\t<\/div>\n\t\t\t\t<\/div>\n\t\t\t\t<\/div>\n\t\t","protected":false},"excerpt":{"rendered":"<p>Nuestra creaci\u00f3n Y cuando decimos \u00abnuestro\u00bb, nos referimos a que co-creamos. En nuestro para\u00edso creativo, cada proyecto es una historia \u00fanica. Nuestro portafolio sirve como una galer\u00eda de aventuras visuales, donde cada dise\u00f1o es una obra maestra nacida de la colaboraci\u00f3n. Aqu\u00ed descubrir\u00e1 una muestra de desaf\u00edos conquistados y victorias celebradas. Cada clic es la [&hellip;]<\/p>\n","protected":false},"author":1,"featured_media":5608,"parent":0,"menu_order":0,"comment_status":"closed","ping_status":"closed","template":"elementor_header_footer","meta":{"footnotes":""},"class_list":["post-4225","page","type-page","status-publish","has-post-thumbnail","hentry"],"_links":{"self":[{"href":"https:\/\/helvetify.com\/es\/wp-json\/wp\/v2\/pages\/4225","targetHints":{"allow":["GET"]}}],"collection":[{"href":"https:\/\/helvetify.com\/es\/wp-json\/wp\/v2\/pages"}],"about":[{"href":"https:\/\/helvetify.com\/es\/wp-json\/wp\/v2\/types\/page"}],"author":[{"embeddable":true,"href":"https:\/\/helvetify.com\/es\/wp-json\/wp\/v2\/users\/1"}],"replies":[{"embeddable":true,"href":"https:\/\/helvetify.com\/es\/wp-json\/wp\/v2\/comments?post=4225"}],"version-history":[{"count":52,"href":"https:\/\/helvetify.com\/es\/wp-json\/wp\/v2\/pages\/4225\/revisions"}],"predecessor-version":[{"id":7016,"href":"https:\/\/helvetify.com\/es\/wp-json\/wp\/v2\/pages\/4225\/revisions\/7016"}],"wp:featuredmedia":[{"embeddable":true,"href":"https:\/\/helvetify.com\/es\/wp-json\/wp\/v2\/media\/5608"}],"wp:attachment":[{"href":"https:\/\/helvetify.com\/es\/wp-json\/wp\/v2\/media?parent=4225"}],"curies":[{"name":"wp","href":"https:\/\/api.w.org\/{rel}","templated":true}]}}