{"id":5176,"date":"2024-02-17T20:04:36","date_gmt":"2024-02-17T20:04:36","guid":{"rendered":"https:\/\/helvetify.com\/?page_id=5176"},"modified":"2024-03-29T19:28:47","modified_gmt":"2024-03-29T19:28:47","slug":"privacy-policy","status":"publish","type":"page","link":"https:\/\/helvetify.com\/es\/privacy-policy\/","title":{"rendered":"Helvetify | Privacy policy"},"content":{"rendered":"\t\t<div data-elementor-type=\"wp-page\" data-elementor-id=\"5176\" class=\"elementor elementor-5176\" data-elementor-post-type=\"page\">\n\t\t\t\t<div class=\"elementor-element elementor-element-0e13b3f e-flex e-con-boxed e-con e-parent\" data-id=\"0e13b3f\" data-element_type=\"container\">\n\t\t\t\t\t<div class=\"e-con-inner\">\n\t\t\t\t<div class=\"elementor-element elementor-element-5e79715 elementor-widget elementor-widget-text-editor\" data-id=\"5e79715\" data-element_type=\"widget\" data-widget_type=\"text-editor.default\">\n\t\t\t\t<div class=\"elementor-widget-container\">\n\t\t\t\t\t\t\t\t\t<h1>Pol\u00edtica de privacidad para Helvetify<\/h1><p>Bienvenido a Helvetify, ubicado en Barcelona, Espa\u00f1a (\u00abnosotros\u00bb, \u00abnuestro\/a\u00bb). Estamos comprometidos a proteger tu informaci\u00f3n personal y tu derecho a la privacidad. Si tienes alguna pregunta o preocupaci\u00f3n sobre este aviso de privacidad, o nuestras pr\u00e1cticas con respecto a tu informaci\u00f3n personal, por favor cont\u00e1ctanos en\u00a0<a href=\"mailto:hello@helvetify.com\">hello@helvetify.com<\/a>.<\/p><p>Cuando visitas nuestro sitio web <a href=\"https:\/\/helvetify.com\">https:\/\/helvetify.com<\/a> (el \u00abSitio Web\u00bb), y, m\u00e1s generalmente, usas cualquiera de nuestros servicios (los \u00abServicios\u00bb, que incluyen el Sitio Web), apreciamos que conf\u00edes en nosotros con tu informaci\u00f3n personal. En este aviso de privacidad, buscamos explicarte de la manera m\u00e1s clara posible qu\u00e9 informaci\u00f3n recopilamos, c\u00f3mo la usamos y qu\u00e9 derechos tienes en relaci\u00f3n con ella.<\/p><h3><span style=\"color: inherit; font-family: inherit; font-size: 1.75rem; text-align: var(--text-align); background-color: var( --e-global-color-8a7fb0a );\">1. Informaci\u00f3n que recopilamos<\/span><\/h3><p>Recopilamos informaci\u00f3n personal que nos proporcionas voluntariamente cuando expresas inter\u00e9s en obtener informaci\u00f3n sobre nosotros o nuestros productos y Servicios, cuando participas en actividades en el Sitio Web o cuando nos contactas de otra manera.<\/p><p>La informaci\u00f3n personal que recopilamos puede incluir lo siguiente:<\/p><ul><li>Informaci\u00f3n Personal Proporcionada por Ti: Recopilamos nombres; nombres de empresas; direcciones de correo electr\u00f3nico; n\u00fameros de tel\u00e9fono; y otra informaci\u00f3n similar.<\/li><\/ul><h3>2. C\u00f3mo usamos tu informaci\u00f3n<\/h3><p>Usamos la informaci\u00f3n personal recopilada a trav\u00e9s de nuestro Sitio Web para una variedad de prop\u00f3sitos comerciales descritos a continuaci\u00f3n:<\/p><ul><li>Para Contactarte: Usamos tu informaci\u00f3n para contactarte en respuesta a tus consultas, comentarios y solicitudes respecto a nuestros servicios.<\/li><\/ul><h3>3. \u00bfSe compartir\u00e1 tu informaci\u00f3n con alguien?<\/h3><p>No compartimos, vendemos, alquilamos ni comerciamos tu informaci\u00f3n con terceros para sus prop\u00f3sitos promocionales.<\/p><h3>4. Transferencias internacionales de datos<\/h3><p>Tu informaci\u00f3n, incluidos los datos personales, se procesa en nuestras oficinas operativas en Espa\u00f1a y en cualquier otro lugar donde las partes involucradas en el procesamiento est\u00e9n ubicadas. Esto significa que esta informaci\u00f3n puede ser transferida a \u2014 y mantenida en \u2014 computadoras ubicadas fuera de tu estado, provincia, pa\u00eds u otra jurisdicci\u00f3n gubernamental donde las leyes de protecci\u00f3n de datos pueden diferir de las de tu jurisdicci\u00f3n.<\/p><p>Tu consentimiento a esta Pol\u00edtica de Privacidad seguido de tu env\u00edo de dicha informaci\u00f3n representa tu acuerdo con esa transferencia. Tomaremos todas las medidas razonablemente necesarias para asegurar que tus datos sean tratados de manera segura y de acuerdo con esta Pol\u00edtica de Privacidad y no se realizar\u00e1 ninguna transferencia de tus datos personales a una organizaci\u00f3n o pa\u00eds a menos que existan controles adecuados en lugar incluyendo la seguridad de tus datos y otra informaci\u00f3n personal.<\/p><h3>5. Seguridad de los datos<\/h3><p>Nuestro objetivo es proteger tu informaci\u00f3n personal mediante un sistema de medidas de seguridad organizativas y t\u00e9cnicas, incluyendo cifrado SSL para asegurar una transferencia segura de tus datos.<\/p><h3>6. Tus derechos de protecci\u00f3n de datos<\/h3><p>Tienes los siguientes derechos de protecci\u00f3n de datos:<\/p><ul><li>El derecho a solicitar la correcci\u00f3n o eliminaci\u00f3n de tu informaci\u00f3n personal. Tienes derecho a corregir cualquier informaci\u00f3n que creas que es inexacta o incompleta. Tambi\u00e9n tienes el derecho de solicitar la eliminaci\u00f3n de tu informaci\u00f3n personal, sujeto a ciertas excepciones prescritas por la ley.<\/li><\/ul><h3>7. Cookies y tecnolog\u00edas de seguimiento<\/h3><p>Usamos Google Analytics para an\u00e1lisis del sitio web, que utiliza cookies para ayudarnos a entender c\u00f3mo se usa nuestro sitio web. Una cookie es un peque\u00f1o pedazo de datos almacenado en tu dispositivo para ayudar a los sitios web y aplicaciones m\u00f3viles a recordar cosas sobre ti. Podr\u00e1s gestionar tus preferencias de cookies a trav\u00e9s de un plugin de WordPress dise\u00f1ado para este prop\u00f3sito.<\/p><h3>8. Actualizaciones de la pol\u00edtica<\/h3><p>Podemos actualizar este aviso de privacidad de tiempo en tiempo. La versi\u00f3n actualizada se indicar\u00e1 con una fecha de \u00ab\u00daltima actualizaci\u00f3n\u00bb actualizada, y la versi\u00f3n actualizada ser\u00e1 efectiva tan pronto como sea accesible. Si hacemos cambios materiales en este aviso de privacidad, podemos notificarte ya sea publicando prominentemente un aviso de tales cambios o envi\u00e1ndote directamente una notificaci\u00f3n.<\/p><h3>9. Contacto<\/h3><p>Si tienes preguntas o comentarios sobre este aviso, puedes enviarnos un correo electr\u00f3nico a <a href=\"mailto:hello@helvetify.com\">hello@helvetify.com.<\/a><\/p>\t\t\t\t\t\t\t\t<\/div>\n\t\t\t\t<\/div>\n\t\t\t\t\t<\/div>\n\t\t\t\t<\/div>\n\t\t\t\t<\/div>\n\t\t","protected":false},"excerpt":{"rendered":"<p>Pol\u00edtica de privacidad para Helvetify Bienvenido a Helvetify, ubicado en Barcelona, Espa\u00f1a (\u00abnosotros\u00bb, \u00abnuestro\/a\u00bb). Estamos comprometidos a proteger tu informaci\u00f3n personal y tu derecho a la privacidad. Si tienes alguna pregunta o preocupaci\u00f3n sobre este aviso de privacidad, o nuestras pr\u00e1cticas con respecto a tu informaci\u00f3n personal, por favor cont\u00e1ctanos en\u00a0hello@helvetify.com. Cuando visitas nuestro sitio [&hellip;]<\/p>\n","protected":false},"author":1,"featured_media":0,"parent":0,"menu_order":0,"comment_status":"closed","ping_status":"closed","template":"","meta":{"footnotes":""},"class_list":["post-5176","page","type-page","status-publish","hentry"],"_links":{"self":[{"href":"https:\/\/helvetify.com\/es\/wp-json\/wp\/v2\/pages\/5176","targetHints":{"allow":["GET"]}}],"collection":[{"href":"https:\/\/helvetify.com\/es\/wp-json\/wp\/v2\/pages"}],"about":[{"href":"https:\/\/helvetify.com\/es\/wp-json\/wp\/v2\/types\/page"}],"author":[{"embeddable":true,"href":"https:\/\/helvetify.com\/es\/wp-json\/wp\/v2\/users\/1"}],"replies":[{"embeddable":true,"href":"https:\/\/helvetify.com\/es\/wp-json\/wp\/v2\/comments?post=5176"}],"version-history":[{"count":4,"href":"https:\/\/helvetify.com\/es\/wp-json\/wp\/v2\/pages\/5176\/revisions"}],"predecessor-version":[{"id":6194,"href":"https:\/\/helvetify.com\/es\/wp-json\/wp\/v2\/pages\/5176\/revisions\/6194"}],"wp:attachment":[{"href":"https:\/\/helvetify.com\/es\/wp-json\/wp\/v2\/media?parent=5176"}],"curies":[{"name":"wp","href":"https:\/\/api.w.org\/{rel}","templated":true}]}}