{"id":5192,"date":"2024-02-17T20:15:43","date_gmt":"2024-02-17T20:15:43","guid":{"rendered":"https:\/\/helvetify.com\/?page_id=5192"},"modified":"2024-03-29T19:59:13","modified_gmt":"2024-03-29T19:59:13","slug":"terms-of-use","status":"publish","type":"page","link":"https:\/\/helvetify.com\/es\/terms-of-use\/","title":{"rendered":"Helvetify | Terms of use"},"content":{"rendered":"\t\t<div data-elementor-type=\"wp-page\" data-elementor-id=\"5192\" class=\"elementor elementor-5192\" data-elementor-post-type=\"page\">\n\t\t\t\t<div class=\"elementor-element elementor-element-1e13bcb e-flex e-con-boxed e-con e-parent\" data-id=\"1e13bcb\" data-element_type=\"container\">\n\t\t\t\t\t<div class=\"e-con-inner\">\n\t\t\t\t<div class=\"elementor-element elementor-element-7cbeaa1 elementor-widget elementor-widget-text-editor\" data-id=\"7cbeaa1\" data-element_type=\"widget\" data-widget_type=\"text-editor.default\">\n\t\t\t\t<div class=\"elementor-widget-container\">\n\t\t\t\t\t\t\t\t\t<h1>T\u00e9rminos de servicio para Helvetify<\/h1><p>\u00a1Bienvenido a Helvetify! Nos complace ofrecerte acceso a nuestro sitio web y los servicios que proporcionamos, sujetos a estos T\u00e9rminos de Servicio (los \u00abT\u00e9rminos\u00bb). Al acceder o usar nuestro sitio web, ubicado en <a href=\"https:\/\/helvetify.com\">https:\/\/helvetify.com<\/a>, aceptas estar vinculado por estos T\u00e9rminos y todas las leyes y regulaciones aplicables.<\/p><h3>1. Servicios ofrecidos<\/h3><p>Helvetify se especializa en proporcionar una gama de servicios de dise\u00f1o, incluyendo, pero no limitado a Dise\u00f1o y Desarrollo Web, Branding, Dise\u00f1o de Productos y Mantenimiento de Sitios Web. Puedes encontrar informaci\u00f3n detallada sobre nuestros servicios en <a href=\"https:\/\/helvetify.com\/services\/\">https:\/\/helvetify.com\/services\/<\/a>.<\/p><h3>2. Uso del sitio web<\/h3><p>Nuestro sitio web es accesible sin la necesidad de registro de usuario. No se permite que los usuarios publiquen contenido en nuestro sitio web. Animamos a todos los usuarios a leer estos T\u00e9rminos cuidadosamente antes de usar el sitio web.<\/p><h3>3. Propiedad intelectual<\/h3><p>Todo el contenido mostrado en nuestro sitio web, incluyendo dise\u00f1os, textos, gr\u00e1ficos, logos e im\u00e1genes, es propiedad de Helvetify o se usa con permiso. Este contenido est\u00e1 protegido y no puede ser usado, copiado, reproducido, distribuido, transmitido, emitido, exhibido, vendido, licenciado, o de otra manera explotado para ning\u00fan prop\u00f3sito sin nuestro consentimiento previo por escrito.<\/p><h3>4. Uso aceptable<\/h3><p>Aceptas no participar en ninguna de las siguientes actividades prohibidas: hackeo, copia no autorizada o uso de cualquier contenido de nuestro sitio web de una manera que infrinja los derechos de Helvetify o de cualquier tercero.<\/p><h3>5. Descargos de responsabilidad<\/h3><p>Helvetify no garantiza que el sitio web est\u00e9 libre de errores o interrupciones. El sitio web y su contenido se proporcionan en una base \u00abtal cual\u00bb y \u00abseg\u00fan est\u00e9 disponible\u00bb.<\/p><h3>6. Limitaci\u00f3n de responsabilidad<\/h3><p>Helvetify, sus directores, empleados, socios, agentes, proveedores o afiliados, no ser\u00e1n responsables por ning\u00fan da\u00f1o indirecto, incidental, especial, consecuente o punitivo, incluyendo sin limitaci\u00f3n, p\u00e9rdida de beneficios, datos, uso, buena voluntad u otras p\u00e9rdidas intangibles, resultantes de tu acceso a o uso de o incapacidad para acceder o usar el sitio web.<\/p><h3>7. Ley aplicable<\/h3><p>Estos T\u00e9rminos se regir\u00e1n e interpretar\u00e1n de acuerdo con las leyes de Espa\u00f1a, sin tener en cuenta sus disposiciones sobre conflictos de leyes.<\/p><h3>8. Resoluci\u00f3n de disputas<\/h3><p>En caso de una disputa que surja de o en relaci\u00f3n con estos T\u00e9rminos, te animamos encarecidamente a contactarnos primero en <a href=\"mailto:hello@helvetify.com\">hello@helvetify.com<\/a> para buscar una resoluci\u00f3n. Intentaremos resolver cualquier disputa contigo de manera r\u00e1pida y eficiente. Si no podemos resolver la disputa nosotros mismos, acordamos la jurisdicci\u00f3n exclusiva de los tribunales ubicados en Espa\u00f1a.<\/p><h3>9. Cambios en los t\u00e9rminos<\/h3><p>Nos reservamos el derecho, a nuestra sola discreci\u00f3n, de modificar o reemplazar estos T\u00e9rminos en cualquier momento. Al continuar accediendo o utilizando nuestro sitio web despu\u00e9s de que esas revisiones se vuelvan efectivas, aceptas estar vinculado por los t\u00e9rminos revisados.<\/p><h3>10. Contacto<\/h3><p>Si tienes alguna pregunta sobre estos T\u00e9rminos, por favor cont\u00e1ctanos en <a href=\"mailto:hello@helvetify.com\">hello@helvetify.com<\/a>.<\/p>\t\t\t\t\t\t\t\t<\/div>\n\t\t\t\t<\/div>\n\t\t\t\t\t<\/div>\n\t\t\t\t<\/div>\n\t\t\t\t<\/div>\n\t\t","protected":false},"excerpt":{"rendered":"<p>T\u00e9rminos de servicio para Helvetify \u00a1Bienvenido a Helvetify! Nos complace ofrecerte acceso a nuestro sitio web y los servicios que proporcionamos, sujetos a estos T\u00e9rminos de Servicio (los \u00abT\u00e9rminos\u00bb). Al acceder o usar nuestro sitio web, ubicado en https:\/\/helvetify.com, aceptas estar vinculado por estos T\u00e9rminos y todas las leyes y regulaciones aplicables. 1. Servicios ofrecidos [&hellip;]<\/p>\n","protected":false},"author":1,"featured_media":0,"parent":0,"menu_order":0,"comment_status":"closed","ping_status":"closed","template":"","meta":{"footnotes":""},"class_list":["post-5192","page","type-page","status-publish","hentry"],"_links":{"self":[{"href":"https:\/\/helvetify.com\/es\/wp-json\/wp\/v2\/pages\/5192","targetHints":{"allow":["GET"]}}],"collection":[{"href":"https:\/\/helvetify.com\/es\/wp-json\/wp\/v2\/pages"}],"about":[{"href":"https:\/\/helvetify.com\/es\/wp-json\/wp\/v2\/types\/page"}],"author":[{"embeddable":true,"href":"https:\/\/helvetify.com\/es\/wp-json\/wp\/v2\/users\/1"}],"replies":[{"embeddable":true,"href":"https:\/\/helvetify.com\/es\/wp-json\/wp\/v2\/comments?post=5192"}],"version-history":[{"count":4,"href":"https:\/\/helvetify.com\/es\/wp-json\/wp\/v2\/pages\/5192\/revisions"}],"predecessor-version":[{"id":6199,"href":"https:\/\/helvetify.com\/es\/wp-json\/wp\/v2\/pages\/5192\/revisions\/6199"}],"wp:attachment":[{"href":"https:\/\/helvetify.com\/es\/wp-json\/wp\/v2\/media?parent=5192"}],"curies":[{"name":"wp","href":"https:\/\/api.w.org\/{rel}","templated":true}]}}