{"id":5211,"date":"2024-02-17T20:22:58","date_gmt":"2024-02-17T20:22:58","guid":{"rendered":"https:\/\/helvetify.com\/?page_id=5211"},"modified":"2024-03-29T19:19:59","modified_gmt":"2024-03-29T19:19:59","slug":"cookie-settings","status":"publish","type":"page","link":"https:\/\/helvetify.com\/es\/cookie-settings\/","title":{"rendered":"Helvetify | Cookie settings"},"content":{"rendered":"\t\t<div data-elementor-type=\"wp-page\" data-elementor-id=\"5211\" class=\"elementor elementor-5211\" data-elementor-post-type=\"page\">\n\t\t\t\t<div class=\"elementor-element elementor-element-0d2aaba e-flex e-con-boxed e-con e-parent\" data-id=\"0d2aaba\" data-element_type=\"container\">\n\t\t\t\t\t<div class=\"e-con-inner\">\n\t\t\t\t<div class=\"elementor-element elementor-element-9784490 elementor-widget elementor-widget-text-editor\" data-id=\"9784490\" data-element_type=\"widget\" data-widget_type=\"text-editor.default\">\n\t\t\t\t<div class=\"elementor-widget-container\">\n\t\t\t\t\t\t\t\t\t<h1>Configuraci\u00f3n de cookies<\/h1><p>En Helvetify, valoramos tu privacidad y nos esforzamos por ser transparentes sobre el uso de cookies en nuestro sitio web. Esta p\u00e1gina proporciona informaci\u00f3n detallada sobre c\u00f3mo utilizamos las cookies y c\u00f3mo puedes gestionar tus preferencias.<\/p><h3>\u00bfQu\u00e9 son las cookies?<\/h3><p>Las cookies son peque\u00f1os archivos de texto almacenados en tu dispositivo cuando visitas un sitio web. Ayudan a que el sitio web funcione correctamente, lo hacen m\u00e1s seguro, proporcionan una mejor experiencia al usuario y entienden c\u00f3mo se desempe\u00f1a el sitio web.<\/p><h3>Como utilizamos las cookies<\/h3><h4>Cookies de an\u00e1lisis<\/h4><p>Utilizamos cookies de an\u00e1lisis proporcionadas por Google Analytics para recopilar informaci\u00f3n sobre c\u00f3mo los visitantes usan nuestro sitio web. Esto incluye datos como el n\u00famero de visitantes, de d\u00f3nde han venido y las p\u00e1ginas que visitan. Esta informaci\u00f3n nos ayuda a entender el comportamiento del usuario en nuestro sitio y a mejorar nuestros servicios en consecuencia.<\/p><h3>Tus opciones de cookies<\/h3><p>Cuando visites nuestro sitio web por primera vez, se te pedir\u00e1 que configures tus preferencias de cookies. Tienes la opci\u00f3n de:<\/p><ul><li>Aceptar Todas las Cookies: Esto incluye cookies necesarias y de an\u00e1lisis.<\/li><li>Rechazar Cookies No Esenciales: Solo se utilizar\u00e1n cookies necesarias para el funcionamiento del sitio web.<\/li><li>Seleccionar Preferencias: Puedes elegir qu\u00e9 tipos de cookies deseas permitir.<\/li><\/ul><h3>Actualizaciones en nuestro uso de cookies<\/h3><p>Podemos actualizar nuestro uso de cookies de vez en cuando. Aunque no notificamos activamente a los usuarios sobre tales actualizaciones, siempre puedes encontrar la informaci\u00f3n m\u00e1s actualizada en esta p\u00e1gina.<\/p><h3>\u00bfPreguntas?<\/h3><p>Si tienes alguna pregunta sobre nuestro uso de cookies o esta p\u00e1gina de Configuraci\u00f3n de Cookies, por favor cont\u00e1ctanos en\u00a0<a href=\"mailto:hello@helvetify.com\">hello@helvetify.com<\/a>.<\/p>\t\t\t\t\t\t\t\t<\/div>\n\t\t\t\t<\/div>\n\t\t\t\t\t<\/div>\n\t\t\t\t<\/div>\n\t\t\t\t<\/div>\n\t\t","protected":false},"excerpt":{"rendered":"<p>Configuraci\u00f3n de cookies En Helvetify, valoramos tu privacidad y nos esforzamos por ser transparentes sobre el uso de cookies en nuestro sitio web. Esta p\u00e1gina proporciona informaci\u00f3n detallada sobre c\u00f3mo utilizamos las cookies y c\u00f3mo puedes gestionar tus preferencias. \u00bfQu\u00e9 son las cookies? Las cookies son peque\u00f1os archivos de texto almacenados en tu dispositivo cuando [&hellip;]<\/p>\n","protected":false},"author":1,"featured_media":0,"parent":0,"menu_order":0,"comment_status":"closed","ping_status":"closed","template":"","meta":{"footnotes":""},"class_list":["post-5211","page","type-page","status-publish","hentry"],"_links":{"self":[{"href":"https:\/\/helvetify.com\/es\/wp-json\/wp\/v2\/pages\/5211","targetHints":{"allow":["GET"]}}],"collection":[{"href":"https:\/\/helvetify.com\/es\/wp-json\/wp\/v2\/pages"}],"about":[{"href":"https:\/\/helvetify.com\/es\/wp-json\/wp\/v2\/types\/page"}],"author":[{"embeddable":true,"href":"https:\/\/helvetify.com\/es\/wp-json\/wp\/v2\/users\/1"}],"replies":[{"embeddable":true,"href":"https:\/\/helvetify.com\/es\/wp-json\/wp\/v2\/comments?post=5211"}],"version-history":[{"count":4,"href":"https:\/\/helvetify.com\/es\/wp-json\/wp\/v2\/pages\/5211\/revisions"}],"predecessor-version":[{"id":6190,"href":"https:\/\/helvetify.com\/es\/wp-json\/wp\/v2\/pages\/5211\/revisions\/6190"}],"wp:attachment":[{"href":"https:\/\/helvetify.com\/es\/wp-json\/wp\/v2\/media?parent=5211"}],"curies":[{"name":"wp","href":"https:\/\/api.w.org\/{rel}","templated":true}]}}